{"id":972,"date":"2025-08-14T08:39:49","date_gmt":"2025-08-14T06:39:49","guid":{"rendered":"https:\/\/dragomed.de\/?page_id=972"},"modified":"2025-08-22T11:07:09","modified_gmt":"2025-08-22T09:07:09","slug":"mario-gellert-sporttherapie","status":"publish","type":"page","link":"https:\/\/dragomed.de\/en\/kompetenzpartner\/mario-gellert-sporttherapie\/","title":{"rendered":"Mario Gellert Sporttherapie"},"content":{"rendered":"<div data-elementor-type=\"wp-page\" data-elementor-id=\"972\" class=\"elementor elementor-972\" data-elementor-post-type=\"page\">\n\t\t\t\t<div class=\"elementor-element elementor-element-339e50b2 e-flex e-con-boxed e-con e-parent\" data-id=\"339e50b2\" data-element_type=\"container\" data-settings=\"{&quot;background_background&quot;:&quot;classic&quot;}\">\n\t\t\t\t\t<div class=\"e-con-inner\">\n\t\t<div class=\"elementor-element elementor-element-7fae320d e-con-full e-flex e-con e-child\" data-id=\"7fae320d\" data-element_type=\"container\">\n\t\t\t\t<div class=\"elementor-element elementor-element-4c5b6af6 elementor-widget__width-initial elementor-absolute elementor-invisible elementor-widget elementor-widget-spacer\" data-id=\"4c5b6af6\" data-element_type=\"widget\" data-settings=\"{&quot;_position&quot;:&quot;absolute&quot;,&quot;_animation&quot;:&quot;fadeIn&quot;}\" data-widget_type=\"spacer.default\">\n\t\t\t\t<div class=\"elementor-widget-container\">\n\t\t\t\t\t\t\t<div class=\"elementor-spacer\">\n\t\t\t<div class=\"elementor-spacer-inner\"><\/div>\n\t\t<\/div>\n\t\t\t\t\t\t<\/div>\n\t\t\t\t<\/div>\n\t\t\t\t<div class=\"elementor-element elementor-element-3524207a elementor-widget__width-auto elementor-invisible elementor-widget elementor-widget-heading\" data-id=\"3524207a\" data-element_type=\"widget\" data-settings=\"{&quot;_animation&quot;:&quot;fadeInUp&quot;}\" data-widget_type=\"heading.default\">\n\t\t\t\t<div class=\"elementor-widget-container\">\n\t\t\t\t\t<h1 class=\"elementor-heading-title elementor-size-default\">Dragomed Partner in 04924 Prestewitz<\/h1>\t\t\t\t<\/div>\n\t\t\t\t<\/div>\n\t\t\t\t<div class=\"elementor-element elementor-element-15007e20 elementor-widget elementor-widget-text-editor\" data-id=\"15007e20\" data-element_type=\"widget\" data-widget_type=\"text-editor.default\">\n\t\t\t\t<div class=\"elementor-widget-container\">\n\t\t\t\t\t\t\t\t\tMario Gellert Sporttherapie\t\t\t\t\t\t\t\t<\/div>\n\t\t\t\t<\/div>\n\t\t\t\t<\/div>\n\t\t<div class=\"elementor-element elementor-element-7c120582 e-con-full e-flex e-con e-child\" data-id=\"7c120582\" data-element_type=\"container\">\n\t\t\t\t<div class=\"elementor-element elementor-element-2d56f1f5 elementor-widget__width-initial elementor-absolute elementor-invisible elementor-widget elementor-widget-spacer\" data-id=\"2d56f1f5\" data-element_type=\"widget\" data-settings=\"{&quot;_position&quot;:&quot;absolute&quot;,&quot;_animation&quot;:&quot;fadeIn&quot;}\" data-widget_type=\"spacer.default\">\n\t\t\t\t<div class=\"elementor-widget-container\">\n\t\t\t\t\t\t\t<div class=\"elementor-spacer\">\n\t\t\t<div class=\"elementor-spacer-inner\"><\/div>\n\t\t<\/div>\n\t\t\t\t\t\t<\/div>\n\t\t\t\t<\/div>\n\t\t\t\t<div class=\"elementor-element elementor-element-1fccc289 elementor-widget__width-initial elementor-absolute elementor-invisible elementor-widget elementor-widget-spacer\" data-id=\"1fccc289\" data-element_type=\"widget\" data-settings=\"{&quot;_position&quot;:&quot;absolute&quot;,&quot;_animation&quot;:&quot;fadeIn&quot;}\" data-widget_type=\"spacer.default\">\n\t\t\t\t<div class=\"elementor-widget-container\">\n\t\t\t\t\t\t\t<div class=\"elementor-spacer\">\n\t\t\t<div class=\"elementor-spacer-inner\"><\/div>\n\t\t<\/div>\n\t\t\t\t\t\t<\/div>\n\t\t\t\t<\/div>\n\t\t\t\t<\/div>\n\t\t\t\t\t<\/div>\n\t\t\t\t<\/div>\n\t\t<div class=\"elementor-element elementor-element-3ae23678 e-flex e-con-boxed e-con e-parent\" data-id=\"3ae23678\" data-element_type=\"container\">\n\t\t\t\t\t<div class=\"e-con-inner\">\n\t\t<div class=\"elementor-element elementor-element-38853315 e-con-full e-flex e-con e-child\" data-id=\"38853315\" data-element_type=\"container\">\n\t\t\t\t<div class=\"elementor-element elementor-element-190ff6f3 elementor-widget elementor-widget-image\" data-id=\"190ff6f3\" data-element_type=\"widget\" data-widget_type=\"image.default\">\n\t\t\t\t<div class=\"elementor-widget-container\">\n\t\t\t\t\t\t\t\t\t\t\t\t\t\t\t<img fetchpriority=\"high\" decoding=\"async\" width=\"800\" height=\"800\" src=\"https:\/\/dragomed.de\/wp-content\/uploads\/2025\/08\/Frame-2147224216.jpg\" class=\"attachment-large size-large wp-image-989\" alt=\"\" srcset=\"https:\/\/dragomed.de\/wp-content\/uploads\/2025\/08\/Frame-2147224216.jpg 1000w, https:\/\/dragomed.de\/wp-content\/uploads\/2025\/08\/Frame-2147224216-300x300.jpg 300w, https:\/\/dragomed.de\/wp-content\/uploads\/2025\/08\/Frame-2147224216-150x150.jpg 150w, https:\/\/dragomed.de\/wp-content\/uploads\/2025\/08\/Frame-2147224216-768x768.jpg 768w, https:\/\/dragomed.de\/wp-content\/uploads\/2025\/08\/Frame-2147224216-12x12.jpg 12w\" sizes=\"(max-width: 800px) 100vw, 800px\" \/>\t\t\t\t\t\t\t\t\t\t\t\t\t\t\t<\/div>\n\t\t\t\t<\/div>\n\t\t\t\t<\/div>\n\t\t<div class=\"elementor-element elementor-element-65b1bd32 e-con-full e-flex e-con e-child\" data-id=\"65b1bd32\" data-element_type=\"container\">\n\t\t\t\t<div class=\"elementor-element elementor-element-a350b4c elementor-widget elementor-widget-text-editor\" data-id=\"a350b4c\" data-element_type=\"widget\" data-widget_type=\"text-editor.default\">\n\t\t\t\t<div class=\"elementor-widget-container\">\n\t\t\t\t\t\t\t\t\t<p>Hallo,<\/p><p>mein Name ist Mario Gellert. Ich bin 64 Jahre jung und lebe im Land Brandenburg, nahe der Kurstadt Bad Liebenwerda.<br \/>Ich bin ausgebildeter Sportlehrer, ganzheitlicher Sport-und Schmerztherapeut, Ern\u00e4hrungslehrer und Mindsetcoach.\u00a0<span style=\"letter-spacing: 0em;\">Nach unz\u00e4hligen, erfolglosen Arztbesuchen aufgrund einer sehr schmerzhaften Spinalkanalstenose, habe ich mich mittels meiner Ausbildungen selber schmerzfrei therapiert. Heute m\u00f6chte ich meine Erfahrungen und Wissen an viele Menschen weitergeben, die mit ihrer pers\u00f6nlichen Schmerzproblematik keinen Ausweg sehen und auf der Suche nach schnellen und nachhaltigen Ergebnissen sind, die an der Ursache ihrer Symptome ansetzen.<\/span><\/p><p>Ich habe mich f\u00fcr das Dragomedsystem entschieden, weil es perfekt in meine Behandlungsmethodik passt und ich damit schmerzgeplagte Menschen schnell und nachhaltig helfen kann, auf dem Weg zu einer h\u00f6heren Lebensqualit\u00e4t und einem Leben ohne Schmerzen und Medikamenten mit z.T. verheerenden Nebenwirkungen.<br \/>In meiner Arbeit als Schmerztherapeut bin ich schon mit vielen Methoden und Therpiesystemen in Kontakt gekommen, aber kein System lieferte bisher so schnelle und positive Ergebnisse. Es ber\u00fchrt mich sehr, wie vielen Menschen ich schon mit meinem Wissen, meinen Erfahrungen und dem Dragomedsystem, ein entspanntes L\u00e4cheln in ihr Gesicht zaubern durfte. Die folgenden Erfahrungsberichte sind von Patienten. die ein- oder zweimal von mir behandelt wurden. Gern gebe ich meine Praxiserfahrungen in einem pers\u00f6nlichen Gespr\u00e4ch weiter.<\/p>\t\t\t\t\t\t\t\t<\/div>\n\t\t\t\t<\/div>\n\t\t\t\t<\/div>\n\t\t\t\t\t<\/div>\n\t\t\t\t<\/div>\n\t\t<div class=\"elementor-element elementor-element-58e400f7 e-flex e-con-boxed e-con e-parent\" data-id=\"58e400f7\" data-element_type=\"container\" data-settings=\"{&quot;background_background&quot;:&quot;classic&quot;}\">\n\t\t\t\t\t<div class=\"e-con-inner\">\n\t\t\t\t<div class=\"elementor-element elementor-element-4d800180 elementor-widget elementor-widget-heading\" data-id=\"4d800180\" data-element_type=\"widget\" data-widget_type=\"heading.default\">\n\t\t\t\t<div class=\"elementor-widget-container\">\n\t\t\t\t\t<h2 class=\"elementor-heading-title elementor-size-default\">Rezensionen<\/h2>\t\t\t\t<\/div>\n\t\t\t\t<\/div>\n\t\t<div class=\"elementor-element elementor-element-78a22be8 e-con-full e-flex e-con e-child\" data-id=\"78a22be8\" data-element_type=\"container\">\n\t\t\t\t<div class=\"elementor-element elementor-element-6b22b111 elementor-widget__width-initial elementor-widget-tablet__width-inherit elementor-widget elementor-widget-testimonial\" data-id=\"6b22b111\" data-element_type=\"widget\" data-widget_type=\"testimonial.default\">\n\t\t\t\t<div class=\"elementor-widget-container\">\n\t\t\t\t\t\t\t<div class=\"elementor-testimonial-wrapper\">\n\t\t\t\t\t\t\t<div class=\"elementor-testimonial-content\">Am 2.7.25 wurde ich um 18:00 Uhr bei Mario Gellert zu Hause behandelt. Ich hatte starke Schmerzen am Ischiasnerv der Lendenwirbels\u00e4ule. Konnte zu diesem Zeitpunkt nur mit Gehhilfen laufen. Nach der Behandlung habe ich am anderen Morgen gleich weniger Schmerzen gehabt und konnte schon teilweise ohne Gehhilfen laufen. Diese Verbesserung h\u00e4lt nach wie vor an. Auch die Schmerzen sind f\u00fcr mich einiges ertr\u00e4glicher geworden. <\/div>\n\t\t\t\n\t\t\t\t\t\t<div class=\"elementor-testimonial-meta\">\n\t\t\t\t<div class=\"elementor-testimonial-meta-inner\">\n\t\t\t\t\t\n\t\t\t\t\t\t\t\t\t\t<div class=\"elementor-testimonial-details\">\n\t\t\t\t\t\t\t\t\t\t\t\t\t\t<div class=\"elementor-testimonial-name\">Bernhard Anlauff <\/div>\n\t\t\t\t\t\t\t\t\t\t\t\t\t\t\t\t\t\t\t<\/div>\n\t\t\t\t\t\t\t\t\t<\/div>\n\t\t\t<\/div>\n\t\t\t\t\t<\/div>\n\t\t\t\t\t\t<\/div>\n\t\t\t\t<\/div>\n\t\t\t\t<div class=\"elementor-element elementor-element-7792cfe0 elementor-widget__width-initial elementor-widget-tablet__width-inherit elementor-widget elementor-widget-testimonial\" data-id=\"7792cfe0\" data-element_type=\"widget\" data-widget_type=\"testimonial.default\">\n\t\t\t\t<div class=\"elementor-widget-container\">\n\t\t\t\t\t\t\t<div class=\"elementor-testimonial-wrapper\">\n\t\t\t\t\t\t\t<div class=\"elementor-testimonial-content\">So,nun noch etwas sch\u00f6nes,ich war heute nachmittag das erste mal schmerzfrei nach 12 Jahren! Weder R\u00fccken noch Knieschmerzen, kam mir vor wie eine Feder auf Wolke 7! lch kannte das Gef\u00fchl gar nicht mehr, ich bin dir so dankbar!\n\nDie positiven Wirkungen in Schulter und H\u00fcfte halten immer noch an. Tiptop, danke Mario... Sylvia Schmidt \n\n<\/div>\n\t\t\t\n\t\t\t\t\t<\/div>\n\t\t\t\t\t\t<\/div>\n\t\t\t\t<\/div>\n\t\t\t\t<div class=\"elementor-element elementor-element-4fa86dc8 elementor-widget__width-initial elementor-widget-tablet__width-inherit elementor-widget elementor-widget-testimonial\" data-id=\"4fa86dc8\" data-element_type=\"widget\" data-widget_type=\"testimonial.default\">\n\t\t\t\t<div class=\"elementor-widget-container\">\n\t\t\t\t\t\t\t<div class=\"elementor-testimonial-wrapper\">\n\t\t\t\t\t\t\t<div class=\"elementor-testimonial-content\">Dank Deiner Behandlung werde ich meinen OP-Termin verschieben bzw. m\u00f6glicherweise ganz darauf verzichten. Es ist erfreulich zu sehen, dass die Kombination aus gezielten \u00dcbungen und der Behandlung mit dem Dragomed-Ger\u00e4t sp\u00fcrbare Verbesserungen an meinem Knie bewirkt hat. Auch die Schmerzen im gro\u00dfen Zeh, die durch eine Arthroseentz\u00fcndung verursacht wurden, sind inzwischen verschwunden. Wir w\u00fcnschen Euch einen sch\u00f6nen Urlaub. Lg Matthias<\/div>\n\t\t\t\n\t\t\t\t\t<\/div>\n\t\t\t\t\t\t<\/div>\n\t\t\t\t<\/div>\n\t\t\t\t<\/div>\n\t\t\t\t\t<\/div>\n\t\t\t\t<\/div>\n\t\t<div class=\"elementor-element elementor-element-91f3672 e-flex e-con-boxed e-con e-parent\" data-id=\"91f3672\" data-element_type=\"container\">\n\t\t\t\t\t<div class=\"e-con-inner\">\n\t\t<div class=\"elementor-element elementor-element-3e05ef6 e-con-full e-flex e-con e-child\" data-id=\"3e05ef6\" data-element_type=\"container\" data-settings=\"{&quot;background_background&quot;:&quot;classic&quot;}\">\n\t\t<div class=\"elementor-element elementor-element-c70fb7c e-con-full e-flex e-con e-child\" data-id=\"c70fb7c\" data-element_type=\"container\">\n\t\t<div class=\"elementor-element elementor-element-ebbea46 e-con-full e-flex e-con e-child\" data-id=\"ebbea46\" data-element_type=\"container\">\n\t\t\t\t<div class=\"elementor-element elementor-element-9e093f1 elementor-invisible elementor-widget elementor-widget-heading\" data-id=\"9e093f1\" data-element_type=\"widget\" data-settings=\"{&quot;_animation&quot;:&quot;fadeInUp&quot;}\" data-widget_type=\"heading.default\">\n\t\t\t\t<div class=\"elementor-widget-container\">\n\t\t\t\t\t<h3 class=\"elementor-heading-title elementor-size-default\">Kontaktm\u00f6glichkeiten<\/h3>\t\t\t\t<\/div>\n\t\t\t\t<\/div>\n\t\t\t\t<\/div>\n\t\t\t\t<\/div>\n\t\t<div class=\"elementor-element elementor-element-428e66d e-con-full e-flex elementor-invisible e-con e-child\" data-id=\"428e66d\" data-element_type=\"container\" data-settings=\"{&quot;background_background&quot;:&quot;classic&quot;,&quot;animation&quot;:&quot;fadeInUp&quot;}\">\n\t\t\t\t<div class=\"elementor-element elementor-element-02f3946 elementor-widget elementor-widget-text-editor\" data-id=\"02f3946\" data-element_type=\"widget\" data-widget_type=\"text-editor.default\">\n\t\t\t\t<div class=\"elementor-widget-container\">\n\t\t\t\t\t\t\t\t\t<p>Mario Gellert Sporttherapie<\/p>\n<p>Gutsweg 16<\/p>\n<p>04924 Prestewitz<\/p>\t\t\t\t\t\t\t\t<\/div>\n\t\t\t\t<\/div>\n\t\t\t\t<\/div>\n\t\t<div class=\"elementor-element elementor-element-f1c4af0 e-con-full e-flex elementor-invisible e-con e-child\" data-id=\"f1c4af0\" data-element_type=\"container\" data-settings=\"{&quot;background_background&quot;:&quot;classic&quot;,&quot;animation&quot;:&quot;fadeInUp&quot;}\">\n\t\t\t\t<div class=\"elementor-element elementor-element-d1a084d elementor-widget__width-initial elementor-widget-mobile__width-inherit elementor-widget elementor-widget-icon-box\" data-id=\"d1a084d\" data-element_type=\"widget\" data-widget_type=\"icon-box.default\">\n\t\t\t\t<div class=\"elementor-widget-container\">\n\t\t\t\t\t\t\t<div class=\"elementor-icon-box-wrapper\">\n\n\t\t\t\n\t\t\t\t\t\t<div class=\"elementor-icon-box-content\">\n\n\t\t\t\t\t\t\t\t\t<h5 class=\"elementor-icon-box-title\">\n\t\t\t\t\t\t<span  >\n\t\t\t\t\t\t\tTelefon:\t\t\t\t\t\t<\/span>\n\t\t\t\t\t<\/h5>\n\t\t\t\t\n\t\t\t\t\t\t\t\t\t<p class=\"elementor-icon-box-description\">\n\t\t\t\t\t\t+491772692246\t\t\t\t\t<\/p>\n\t\t\t\t\n\t\t\t<\/div>\n\t\t\t\n\t\t<\/div>\n\t\t\t\t\t\t<\/div>\n\t\t\t\t<\/div>\n\t\t\t\t<\/div>\n\t\t<div class=\"elementor-element elementor-element-724a354 e-con-full e-flex elementor-invisible e-con e-child\" data-id=\"724a354\" data-element_type=\"container\" data-settings=\"{&quot;background_background&quot;:&quot;classic&quot;,&quot;animation&quot;:&quot;fadeInUp&quot;}\">\n\t\t\t\t<div class=\"elementor-element elementor-element-accc5d2 elementor-widget__width-initial elementor-widget-mobile__width-inherit elementor-widget elementor-widget-icon-box\" data-id=\"accc5d2\" data-element_type=\"widget\" data-widget_type=\"icon-box.default\">\n\t\t\t\t<div class=\"elementor-widget-container\">\n\t\t\t\t\t\t\t<div class=\"elementor-icon-box-wrapper\">\n\n\t\t\t\n\t\t\t\t\t\t<div class=\"elementor-icon-box-content\">\n\n\t\t\t\t\t\t\t\t\t<h5 class=\"elementor-icon-box-title\">\n\t\t\t\t\t\t<a href=\"mailto:mario.gellert@gmx.de\" >\n\t\t\t\t\t\t\tE-Mail\t\t\t\t\t\t<\/a>\n\t\t\t\t\t<\/h5>\n\t\t\t\t\n\t\t\t\t\t\t\t\t\t<p class=\"elementor-icon-box-description\">\n\t\t\t\t\t\tmario.gellert@gmx.de\t\t\t\t\t<\/p>\n\t\t\t\t\n\t\t\t<\/div>\n\t\t\t\n\t\t<\/div>\n\t\t\t\t\t\t<\/div>\n\t\t\t\t<\/div>\n\t\t\t\t<\/div>\n\t\t\t\t<\/div>\n\t\t<div class=\"elementor-element elementor-element-17191ff e-con-full e-flex e-con e-child\" data-id=\"17191ff\" data-element_type=\"container\" data-settings=\"{&quot;background_background&quot;:&quot;classic&quot;}\">\n\t\t<div class=\"elementor-element elementor-element-830e94c e-con-full e-flex elementor-invisible e-con e-child\" data-id=\"830e94c\" data-element_type=\"container\" data-settings=\"{&quot;background_background&quot;:&quot;classic&quot;,&quot;animation&quot;:&quot;fadeInUp&quot;}\">\n\t\t\t\t<div class=\"elementor-element elementor-element-d6942bd elementor-widget elementor-widget-heading\" data-id=\"d6942bd\" data-element_type=\"widget\" data-widget_type=\"heading.default\">\n\t\t\t\t<div class=\"elementor-widget-container\">\n\t\t\t\t\t<h4 class=\"elementor-heading-title elementor-size-default\">Kontaktformular<\/h4>\t\t\t\t<\/div>\n\t\t\t\t<\/div>\n\t\t\t\t<div class=\"elementor-element elementor-element-8ba1c62 elementor-button-align-stretch elementor-widget elementor-widget-form\" data-id=\"8ba1c62\" data-element_type=\"widget\" data-settings=\"{&quot;step_next_label&quot;:&quot;N\\u00e4chster&quot;,&quot;step_previous_label&quot;:&quot;Voriger&quot;,&quot;button_width&quot;:&quot;100&quot;,&quot;step_type&quot;:&quot;number_text&quot;,&quot;step_icon_shape&quot;:&quot;circle&quot;}\" data-widget_type=\"form.default\">\n\t\t\t\t<div class=\"elementor-widget-container\">\n\t\t\t\t\t\t\t<form class=\"elementor-form\" method=\"post\" name=\"Neues Formular\" action=\"\">\n\t\t\t<input type=\"hidden\" name=\"post_id\" value=\"972\"\/>\n\t\t\t<input type=\"hidden\" name=\"form_id\" value=\"8ba1c62\"\/>\n\t\t\t<input type=\"hidden\" name=\"referer_title\" value=\"\" \/>\n\n\t\t\t\n\t\t\t<div class=\"elementor-form-fields-wrapper elementor-labels-\">\n\t\t\t\t\t\t\t\t<div class=\"elementor-field-type-text elementor-field-group elementor-column elementor-field-group-name elementor-col-50 elementor-field-required\">\n\t\t\t\t\t\t\t\t\t\t\t\t<label for=\"form-field-name\" class=\"elementor-field-label elementor-screen-only\">\n\t\t\t\t\t\t\t\tName\t\t\t\t\t\t\t<\/label>\n\t\t\t\t\t\t\t\t\t\t\t\t\t\t<input size=\"1\" type=\"text\" name=\"form_fields[name]\" id=\"form-field-name\" class=\"elementor-field elementor-size-sm  elementor-field-textual\" placeholder=\"Name\" required=\"required\">\n\t\t\t\t\t\t\t\t\t\t\t<\/div>\n\t\t\t\t\t\t\t\t<div class=\"elementor-field-type-email elementor-field-group elementor-column elementor-field-group-email elementor-col-50 elementor-field-required\">\n\t\t\t\t\t\t\t\t\t\t\t\t<label for=\"form-field-email\" class=\"elementor-field-label elementor-screen-only\">\n\t\t\t\t\t\t\t\tE-Mail\t\t\t\t\t\t\t<\/label>\n\t\t\t\t\t\t\t\t\t\t\t\t\t\t<input size=\"1\" type=\"email\" name=\"form_fields[email]\" id=\"form-field-email\" class=\"elementor-field elementor-size-sm  elementor-field-textual\" placeholder=\"E-Mail\" required=\"required\">\n\t\t\t\t\t\t\t\t\t\t\t<\/div>\n\t\t\t\t\t\t\t\t<div class=\"elementor-field-type-tel elementor-field-group elementor-column elementor-field-group-field_079bbbe elementor-col-100 elementor-field-required\">\n\t\t\t\t\t\t\t\t\t\t\t\t<label for=\"form-field-field_079bbbe\" class=\"elementor-field-label elementor-screen-only\">\n\t\t\t\t\t\t\t\tPhone number\t\t\t\t\t\t\t<\/label>\n\t\t\t\t\t\t\t\t<input size=\"1\" type=\"tel\" name=\"form_fields[field_079bbbe]\" id=\"form-field-field_079bbbe\" class=\"elementor-field elementor-size-sm  elementor-field-textual\" placeholder=\"Phone number\" required=\"required\" pattern=\"[0-9()#&amp;+*-=.]+\" title=\"Only numbers and phone characters (#, -, *, etc) are accepted.\">\n\n\t\t\t\t\t\t<\/div>\n\t\t\t\t\t\t\t\t<div class=\"elementor-field-type-textarea elementor-field-group elementor-column elementor-field-group-message elementor-col-100\">\n\t\t\t\t\t\t\t\t\t\t\t\t<label for=\"form-field-message\" class=\"elementor-field-label elementor-screen-only\">\n\t\t\t\t\t\t\t\tNachricht & Beschwerden\t\t\t\t\t\t\t<\/label>\n\t\t\t\t\t\t<textarea class=\"elementor-field-textual elementor-field  elementor-size-sm\" name=\"form_fields[message]\" id=\"form-field-message\" rows=\"4\" placeholder=\"Nachricht &amp; Beschwerden\"><\/textarea>\t\t\t\t<\/div>\n\t\t\t\t\t\t\t\t<div class=\"elementor-field-type-acceptance elementor-field-group elementor-column elementor-field-group-field_da71e3b elementor-col-100\">\n\t\t\t\t\t\t\t<div class=\"elementor-field-subgroup\">\n\t\t\t<span class=\"elementor-field-option\">\n\t\t\t\t<input type=\"checkbox\" name=\"form_fields[field_da71e3b]\" id=\"form-field-field_da71e3b\" class=\"elementor-field elementor-size-sm  elementor-acceptance-field\">\n\t\t\t\t<label for=\"form-field-field_da71e3b\">Ich akzeptiere die Datenschutzerkl\u00e4rung.<\/label>\t\t\t<\/span>\n\t\t<\/div>\n\t\t\t\t\t\t<\/div>\n\t\t\t\t\t\t\t\t<div class=\"elementor-field-group elementor-column elementor-field-type-submit elementor-col-100 e-form__buttons\">\n\t\t\t\t\t<button class=\"elementor-button elementor-size-sm\" type=\"submit\">\n\t\t\t\t\t\t<span class=\"elementor-button-content-wrapper\">\n\t\t\t\t\t\t\t\t\t\t\t\t\t\t\t\t\t\t\t\t\t\t<span class=\"elementor-button-text\">Send<\/span>\n\t\t\t\t\t\t\t\t\t\t\t\t\t<\/span>\n\t\t\t\t\t<\/button>\n\t\t\t\t<\/div>\n\t\t\t<\/div>\n\t\t<input type=\"hidden\" name=\"trp-form-language\" value=\"en\"\/><\/form>\n\t\t\t\t\t\t<\/div>\n\t\t\t\t<\/div>\n\t\t\t\t<\/div>\n\t\t\t\t<\/div>\n\t\t\t\t\t<\/div>\n\t\t\t\t<\/div>\n\t\t\t\t<\/div>","protected":false},"excerpt":{"rendered":"<p>Dragomed Partner in 04924 Prestewitz Mario Gellert Sporttherapie Hallo, mein Name ist Mario Gellert. Ich bin 64 Jahre jung und lebe im Land Brandenburg, nahe der Kurstadt Bad Liebenwerda.Ich bin ausgebildeter Sportlehrer, ganzheitlicher Sport-und Schmerztherapeut, Ern\u00e4hrungslehrer und Mindsetcoach.\u00a0Nach unz\u00e4hligen, erfolglosen Arztbesuchen aufgrund einer sehr schmerzhaften Spinalkanalstenose, habe ich mich mittels meiner Ausbildungen selber schmerzfrei therapiert. [&hellip;]<\/p>","protected":false},"author":1,"featured_media":0,"parent":185,"menu_order":0,"comment_status":"closed","ping_status":"closed","template":"elementor_header_footer","meta":{"iawp_total_views":703,"footnotes":""},"class_list":["post-972","page","type-page","status-publish","hentry"],"_links":{"self":[{"href":"https:\/\/dragomed.de\/en\/wp-json\/wp\/v2\/pages\/972","targetHints":{"allow":["GET"]}}],"collection":[{"href":"https:\/\/dragomed.de\/en\/wp-json\/wp\/v2\/pages"}],"about":[{"href":"https:\/\/dragomed.de\/en\/wp-json\/wp\/v2\/types\/page"}],"author":[{"embeddable":true,"href":"https:\/\/dragomed.de\/en\/wp-json\/wp\/v2\/users\/1"}],"replies":[{"embeddable":true,"href":"https:\/\/dragomed.de\/en\/wp-json\/wp\/v2\/comments?post=972"}],"version-history":[{"count":10,"href":"https:\/\/dragomed.de\/en\/wp-json\/wp\/v2\/pages\/972\/revisions"}],"predecessor-version":[{"id":1046,"href":"https:\/\/dragomed.de\/en\/wp-json\/wp\/v2\/pages\/972\/revisions\/1046"}],"up":[{"embeddable":true,"href":"https:\/\/dragomed.de\/en\/wp-json\/wp\/v2\/pages\/185"}],"wp:attachment":[{"href":"https:\/\/dragomed.de\/en\/wp-json\/wp\/v2\/media?parent=972"}],"curies":[{"name":"wp","href":"https:\/\/api.w.org\/{rel}","templated":true}]}}