{"id":161,"date":"2025-01-26T16:34:26","date_gmt":"2025-01-26T15:34:26","guid":{"rendered":"https:\/\/dragomed.macstaging.de\/?page_id=161"},"modified":"2026-03-24T09:16:58","modified_gmt":"2026-03-24T08:16:58","slug":"erfolge-animal","status":"publish","type":"page","link":"https:\/\/dragomed.de\/en\/erfolge-animal\/","title":{"rendered":"Erfolge Animal"},"content":{"rendered":"<div data-elementor-type=\"wp-page\" data-elementor-id=\"161\" class=\"elementor elementor-161\" data-elementor-post-type=\"page\">\n\t\t\t\t<div class=\"elementor-element elementor-element-fbd947b e-flex e-con-boxed e-con e-parent\" data-id=\"fbd947b\" data-element_type=\"container\" data-settings=\"{&quot;background_background&quot;:&quot;classic&quot;}\">\n\t\t\t\t\t<div class=\"e-con-inner\">\n\t\t<div class=\"elementor-element elementor-element-b89d633 e-con-full e-flex e-con e-child\" data-id=\"b89d633\" data-element_type=\"container\">\n\t\t\t\t<div class=\"elementor-element elementor-element-d565198 elementor-widget__width-initial elementor-absolute elementor-invisible elementor-widget elementor-widget-spacer\" data-id=\"d565198\" data-element_type=\"widget\" data-settings=\"{&quot;_position&quot;:&quot;absolute&quot;,&quot;_animation&quot;:&quot;fadeIn&quot;}\" data-widget_type=\"spacer.default\">\n\t\t\t\t<div class=\"elementor-widget-container\">\n\t\t\t\t\t\t\t<div class=\"elementor-spacer\">\n\t\t\t<div class=\"elementor-spacer-inner\"><\/div>\n\t\t<\/div>\n\t\t\t\t\t\t<\/div>\n\t\t\t\t<\/div>\n\t\t\t\t<div class=\"elementor-element elementor-element-4a847f4 elementor-widget__width-auto elementor-invisible elementor-widget elementor-widget-heading\" data-id=\"4a847f4\" data-element_type=\"widget\" data-settings=\"{&quot;_animation&quot;:&quot;fadeInUp&quot;}\" data-widget_type=\"heading.default\">\n\t\t\t\t<div class=\"elementor-widget-container\">\n\t\t\t\t\t<h1 class=\"elementor-heading-title elementor-size-default\">Success Stories<\/h1>\t\t\t\t<\/div>\n\t\t\t\t<\/div>\n\t\t\t\t<div class=\"elementor-element elementor-element-19d93da elementor-widget elementor-widget-text-editor\" data-id=\"19d93da\" data-element_type=\"widget\" data-widget_type=\"text-editor.default\">\n\t\t\t\t<div class=\"elementor-widget-container\">\n\t\t\t\t\t\t\t\t\t<p>Bahnbrechende Erfolge am laufenden Band. Mehr Lebensqualit\u00e4t f\u00fcr Tiere gro\u00df und klein. Schauen Sie selbst, alles echt und nachweisbar.<\/p>\t\t\t\t\t\t\t\t<\/div>\n\t\t\t\t<\/div>\n\t\t\t\t<\/div>\n\t\t<div class=\"elementor-element elementor-element-8aa7d93 e-con-full e-flex e-con e-child\" data-id=\"8aa7d93\" data-element_type=\"container\">\n\t\t\t\t<div class=\"elementor-element elementor-element-66bdbe7 elementor-widget__width-initial elementor-absolute elementor-invisible elementor-widget elementor-widget-spacer\" data-id=\"66bdbe7\" data-element_type=\"widget\" data-settings=\"{&quot;_position&quot;:&quot;absolute&quot;,&quot;_animation&quot;:&quot;fadeIn&quot;}\" data-widget_type=\"spacer.default\">\n\t\t\t\t<div class=\"elementor-widget-container\">\n\t\t\t\t\t\t\t<div class=\"elementor-spacer\">\n\t\t\t<div class=\"elementor-spacer-inner\"><\/div>\n\t\t<\/div>\n\t\t\t\t\t\t<\/div>\n\t\t\t\t<\/div>\n\t\t\t\t<div class=\"elementor-element elementor-element-7580438 elementor-widget__width-initial elementor-absolute elementor-invisible elementor-widget elementor-widget-spacer\" data-id=\"7580438\" data-element_type=\"widget\" data-settings=\"{&quot;_position&quot;:&quot;absolute&quot;,&quot;_animation&quot;:&quot;fadeIn&quot;}\" data-widget_type=\"spacer.default\">\n\t\t\t\t<div class=\"elementor-widget-container\">\n\t\t\t\t\t\t\t<div class=\"elementor-spacer\">\n\t\t\t<div class=\"elementor-spacer-inner\"><\/div>\n\t\t<\/div>\n\t\t\t\t\t\t<\/div>\n\t\t\t\t<\/div>\n\t\t\t\t<\/div>\n\t\t\t\t\t<\/div>\n\t\t\t\t<\/div>\n\t\t<div class=\"elementor-element elementor-element-c892762 e-flex e-con-boxed e-con e-parent\" data-id=\"c892762\" data-element_type=\"container\">\n\t\t\t\t\t<div class=\"e-con-inner\">\n\t\t\t\t<div class=\"elementor-element elementor-element-87e69ef elementor-widget elementor-widget-image\" data-id=\"87e69ef\" data-element_type=\"widget\" data-widget_type=\"image.default\">\n\t\t\t\t<div class=\"elementor-widget-container\">\n\t\t\t\t\t\t\t\t\t\t\t\t\t\t\t<img fetchpriority=\"high\" decoding=\"async\" width=\"800\" height=\"401\" src=\"https:\/\/dragomed.de\/wp-content\/uploads\/2025\/03\/IMG_6691-Kopie3-1024x513.png\" class=\"attachment-large size-large wp-image-729\" alt=\"\" srcset=\"https:\/\/dragomed.de\/wp-content\/uploads\/2025\/03\/IMG_6691-Kopie3-1024x513.png 1024w, https:\/\/dragomed.de\/wp-content\/uploads\/2025\/03\/IMG_6691-Kopie3-300x150.png 300w, https:\/\/dragomed.de\/wp-content\/uploads\/2025\/03\/IMG_6691-Kopie3-768x385.png 768w, https:\/\/dragomed.de\/wp-content\/uploads\/2025\/03\/IMG_6691-Kopie3.png 1200w\" sizes=\"(max-width: 800px) 100vw, 800px\" \/>\t\t\t\t\t\t\t\t\t\t\t\t\t\t\t<\/div>\n\t\t\t\t<\/div>\n\t\t\t\t<div class=\"elementor-element elementor-element-29965dc elementor-invisible elementor-widget elementor-widget-elementskit-heading\" data-id=\"29965dc\" data-element_type=\"widget\" data-settings=\"{&quot;_animation&quot;:&quot;fadeInUp&quot;}\" data-widget_type=\"elementskit-heading.default\">\n\t\t\t\t<div class=\"elementor-widget-container\">\n\t\t\t\t\t<div class=\"ekit-wid-con\" ><div class=\"ekit-heading elementskit-section-title-wraper text_left   ekit_heading_tablet-   ekit_heading_mobile-\"><h2 class=\"ekit-heading--title elementskit-section-title\"><span><span>Pferde<\/span><\/span><\/h2><\/div><\/div>\t\t\t\t<\/div>\n\t\t\t\t<\/div>\n\t\t\t\t\t<\/div>\n\t\t\t\t<\/div>\n\t\t<div class=\"elementor-element elementor-element-c46cfce e-flex e-con-boxed e-con e-parent\" data-id=\"c46cfce\" data-element_type=\"container\">\n\t\t\t\t\t<div class=\"e-con-inner\">\n\t\t\t\t<div class=\"elementor-element elementor-element-c0e5db4 elementor-widget elementor-widget-video\" data-id=\"c0e5db4\" data-element_type=\"widget\" data-settings=\"{&quot;youtube_url&quot;:&quot;https:\\\/\\\/youtube.com\\\/shorts\\\/z6O3M4Gpsa8?feature=share&quot;,&quot;video_type&quot;:&quot;youtube&quot;,&quot;controls&quot;:&quot;yes&quot;}\" data-widget_type=\"video.default\">\n\t\t\t\t<div class=\"elementor-widget-container\">\n\t\t\t\t\t\t\t<div class=\"elementor-wrapper elementor-open-inline\">\n\t\t\t<div class=\"elementor-video\"><\/div>\t\t<\/div>\n\t\t\t\t\t\t<\/div>\n\t\t\t\t<\/div>\n\t\t\t\t\t<\/div>\n\t\t\t\t<\/div>\n\t\t<div class=\"elementor-element elementor-element-a2090d8 e-flex e-con-boxed e-con e-parent\" data-id=\"a2090d8\" data-element_type=\"container\">\n\t\t\t\t\t<div class=\"e-con-inner\">\n\t\t\t\t<div class=\"elementor-element elementor-element-0a7b74d elementor-widget elementor-widget-video\" data-id=\"0a7b74d\" data-element_type=\"widget\" data-settings=\"{&quot;youtube_url&quot;:&quot;https:\\\/\\\/youtube.com\\\/shorts\\\/yqwPONsBfXM?feature=share&quot;,&quot;video_type&quot;:&quot;youtube&quot;,&quot;controls&quot;:&quot;yes&quot;}\" data-widget_type=\"video.default\">\n\t\t\t\t<div class=\"elementor-widget-container\">\n\t\t\t\t\t\t\t<div class=\"elementor-wrapper elementor-open-inline\">\n\t\t\t<div class=\"elementor-video\"><\/div>\t\t<\/div>\n\t\t\t\t\t\t<\/div>\n\t\t\t\t<\/div>\n\t\t\t\t\t<\/div>\n\t\t\t\t<\/div>\n\t\t<div class=\"elementor-element elementor-element-33b8528 e-flex e-con-boxed e-con e-parent\" data-id=\"33b8528\" data-element_type=\"container\">\n\t\t\t\t\t<div class=\"e-con-inner\">\n\t\t\t\t<div class=\"elementor-element elementor-element-11065f1 elementor-widget elementor-widget-video\" data-id=\"11065f1\" data-element_type=\"widget\" data-settings=\"{&quot;youtube_url&quot;:&quot;https:\\\/\\\/youtube.com\\\/shorts\\\/_CIgOY7MdCM?feature=share&quot;,&quot;video_type&quot;:&quot;youtube&quot;,&quot;controls&quot;:&quot;yes&quot;}\" data-widget_type=\"video.default\">\n\t\t\t\t<div class=\"elementor-widget-container\">\n\t\t\t\t\t\t\t<div class=\"elementor-wrapper elementor-open-inline\">\n\t\t\t<div class=\"elementor-video\"><\/div>\t\t<\/div>\n\t\t\t\t\t\t<\/div>\n\t\t\t\t<\/div>\n\t\t\t\t\t<\/div>\n\t\t\t\t<\/div>\n\t\t<div class=\"elementor-element elementor-element-c807399 e-flex e-con-boxed e-con e-parent\" data-id=\"c807399\" data-element_type=\"container\">\n\t\t\t\t\t<div class=\"e-con-inner\">\n\t\t\t\t<div class=\"elementor-element elementor-element-25d8c25 elementor-widget elementor-widget-text-editor\" data-id=\"25d8c25\" data-element_type=\"widget\" data-widget_type=\"text-editor.default\">\n\t\t\t\t<div class=\"elementor-widget-container\">\n\t\t\t\t\t\t\t\t\t<p>\u201cWe had been working on our little fox for weeks, but the wound wouldn't close. It kept opening up from the inside. The pictures speak for themselves... unbelievable but true.\u201d <strong>Michael Deletes<\/strong><\/p>\t\t\t\t\t\t\t\t<\/div>\n\t\t\t\t<\/div>\n\t\t\t\t<div class=\"elementor-element elementor-element-1ca51d0 elementor-widget elementor-widget-image\" data-id=\"1ca51d0\" data-element_type=\"widget\" data-widget_type=\"image.default\">\n\t\t\t\t<div class=\"elementor-widget-container\">\n\t\t\t\t\t\t\t\t\t\t\t\t\t\t\t\t<a href=\"#elementor-action%3Aaction%3Dlightbox%26settings%3DeyJ1cmwiOiJodHRwczpcL1wvZHJhZ29tZWQuZGVcL3dwLWNvbnRlbnRcL3VwbG9hZHNcLzIwMjVcLzAzXC9Hcm91cC0xMDAwMDA2ODI3LmpwZyIsInR5cGUiOiJpbWFnZSIsInRpdGxlIjoiV3VuZGhlaWx1bmcifQ%3D%3D\">\n\t\t\t\t\t\t\t<img decoding=\"async\" width=\"1536\" height=\"807\" src=\"https:\/\/dragomed.de\/wp-content\/uploads\/2025\/03\/Group-1000006829-1536x807.png\" class=\"attachment-1536x1536 size-1536x1536 wp-image-823\" alt=\"\" srcset=\"https:\/\/dragomed.de\/wp-content\/uploads\/2025\/03\/Group-1000006829-1536x807.png 1536w, https:\/\/dragomed.de\/wp-content\/uploads\/2025\/03\/Group-1000006829-300x158.png 300w, https:\/\/dragomed.de\/wp-content\/uploads\/2025\/03\/Group-1000006829-1024x538.png 1024w, https:\/\/dragomed.de\/wp-content\/uploads\/2025\/03\/Group-1000006829-768x404.png 768w, https:\/\/dragomed.de\/wp-content\/uploads\/2025\/03\/Group-1000006829.png 1800w\" sizes=\"(max-width: 1536px) 100vw, 1536px\" \/>\t\t\t\t\t\t\t\t<\/a>\n\t\t\t\t\t\t\t\t\t\t\t\t\t\t\t<\/div>\n\t\t\t\t<\/div>\n\t\t\t\t\t<\/div>\n\t\t\t\t<\/div>\n\t\t<div class=\"elementor-element elementor-element-b94981a e-grid e-con-boxed e-con e-parent\" data-id=\"b94981a\" data-element_type=\"container\">\n\t\t\t\t\t<div class=\"e-con-inner\">\n\t\t\t\t<div class=\"elementor-element elementor-element-63e4963 elementor-widget elementor-widget-video\" data-id=\"63e4963\" data-element_type=\"widget\" data-settings=\"{&quot;youtube_url&quot;:&quot;https:\\\/\\\/youtube.com\\\/shorts\\\/4TTHcunvmKA?feature=share&quot;,&quot;video_type&quot;:&quot;youtube&quot;,&quot;controls&quot;:&quot;yes&quot;}\" data-widget_type=\"video.default\">\n\t\t\t\t<div class=\"elementor-widget-container\">\n\t\t\t\t\t\t\t<div class=\"elementor-wrapper elementor-open-inline\">\n\t\t\t<div class=\"elementor-video\"><\/div>\t\t<\/div>\n\t\t\t\t\t\t<\/div>\n\t\t\t\t<\/div>\n\t\t\t\t<div class=\"elementor-element elementor-element-f1c10d0 elementor-widget elementor-widget-video\" data-id=\"f1c10d0\" data-element_type=\"widget\" data-settings=\"{&quot;youtube_url&quot;:&quot;https:\\\/\\\/youtube.com\\\/shorts\\\/wfXAqb5F4Lw&quot;,&quot;video_type&quot;:&quot;youtube&quot;,&quot;controls&quot;:&quot;yes&quot;}\" data-widget_type=\"video.default\">\n\t\t\t\t<div class=\"elementor-widget-container\">\n\t\t\t\t\t\t\t<div class=\"elementor-wrapper elementor-open-inline\">\n\t\t\t<div class=\"elementor-video\"><\/div>\t\t<\/div>\n\t\t\t\t\t\t<\/div>\n\t\t\t\t<\/div>\n\t\t\t\t\t<\/div>\n\t\t\t\t<\/div>\n\t\t<div class=\"elementor-element elementor-element-96b222e e-flex e-con-boxed e-con e-parent\" data-id=\"96b222e\" data-element_type=\"container\">\n\t\t\t\t\t<div class=\"e-con-inner\">\n\t\t\t\t<div class=\"elementor-element elementor-element-8634d16 elementor-widget elementor-widget-image\" data-id=\"8634d16\" data-element_type=\"widget\" data-widget_type=\"image.default\">\n\t\t\t\t<div class=\"elementor-widget-container\">\n\t\t\t\t\t\t\t\t\t\t\t\t\t\t\t\t<a href=\"#elementor-action%3Aaction%3Dlightbox%26settings%3DeyJ1cmwiOiJodHRwczpcL1wvZHJhZ29tZWQuZGVcL3dwLWNvbnRlbnRcL3VwbG9hZHNcLzIwMjVcLzA0XC9XdW5kaGVpbHVuZ18yLmpwZyIsInR5cGUiOiJpbWFnZSIsInRpdGxlIjoiV3VuZGhlaWx1bmdfMiJ9\">\n\t\t\t\t\t\t\t<img decoding=\"async\" width=\"1536\" height=\"807\" src=\"https:\/\/dragomed.de\/wp-content\/uploads\/2025\/04\/Group-1000006829-1536x807.jpg\" class=\"attachment-1536x1536 size-1536x1536 wp-image-880\" alt=\"\" srcset=\"https:\/\/dragomed.de\/wp-content\/uploads\/2025\/04\/Group-1000006829-1536x807.jpg 1536w, https:\/\/dragomed.de\/wp-content\/uploads\/2025\/04\/Group-1000006829-300x158.jpg 300w, https:\/\/dragomed.de\/wp-content\/uploads\/2025\/04\/Group-1000006829-1024x538.jpg 1024w, https:\/\/dragomed.de\/wp-content\/uploads\/2025\/04\/Group-1000006829-768x404.jpg 768w, https:\/\/dragomed.de\/wp-content\/uploads\/2025\/04\/Group-1000006829.jpg 2026w\" sizes=\"(max-width: 1536px) 100vw, 1536px\" \/>\t\t\t\t\t\t\t\t<\/a>\n\t\t\t\t\t\t\t\t\t\t\t\t\t\t\t<\/div>\n\t\t\t\t<\/div>\n\t\t\t\t<div class=\"elementor-element elementor-element-b696ea4 elementor-widget elementor-widget-image\" data-id=\"b696ea4\" data-element_type=\"widget\" data-widget_type=\"image.default\">\n\t\t\t\t<div class=\"elementor-widget-container\">\n\t\t\t\t\t\t\t\t\t\t\t\t\t\t\t<img loading=\"lazy\" decoding=\"async\" width=\"2560\" height=\"1920\" src=\"https:\/\/dragomed.de\/wp-content\/uploads\/2025\/02\/IMG_6703-scaled.jpeg\" class=\"attachment-full size-full wp-image-459\" alt=\"\" srcset=\"https:\/\/dragomed.de\/wp-content\/uploads\/2025\/02\/IMG_6703-scaled.jpeg 2560w, https:\/\/dragomed.de\/wp-content\/uploads\/2025\/02\/IMG_6703-300x225.jpeg 300w, https:\/\/dragomed.de\/wp-content\/uploads\/2025\/02\/IMG_6703-1024x768.jpeg 1024w, https:\/\/dragomed.de\/wp-content\/uploads\/2025\/02\/IMG_6703-768x576.jpeg 768w, https:\/\/dragomed.de\/wp-content\/uploads\/2025\/02\/IMG_6703-1536x1152.jpeg 1536w, https:\/\/dragomed.de\/wp-content\/uploads\/2025\/02\/IMG_6703-2048x1536.jpeg 2048w\" sizes=\"(max-width: 2560px) 100vw, 2560px\" \/>\t\t\t\t\t\t\t\t\t\t\t\t\t\t\t<\/div>\n\t\t\t\t<\/div>\n\t\t\t\t\t<\/div>\n\t\t\t\t<\/div>\n\t\t\t\t<\/div>","protected":false},"excerpt":{"rendered":"<p>Erfolgs-Geschichten Bahnbrechende Erfolge am laufenden Band. Mehr Lebensqualit\u00e4t f\u00fcr Tiere gro\u00df und klein. Schauen Sie selbst, alles echt und nachweisbar. Pferde https:\/\/youtube.com\/shorts\/z6O3M4Gpsa8?feature=sharehttps:\/\/youtube.com\/shorts\/yqwPONsBfXM?feature=sharehttps:\/\/youtube.com\/shorts\/_CIgOY7MdCM?feature=share &#8222;Wir hatten wochenlang an unserem kleinen Fuchs herumgedoktert, jedoch lie\u00df sich die Wunde nicht schlie\u00dfen. Immer wieder ist sie von innen heraus aufgegangen. Die Bilder sprechen f\u00fcr sich&#8230; unfassbar aber wahr.&#8220; Michael Oscht<\/p>","protected":false},"author":1,"featured_media":0,"parent":0,"menu_order":0,"comment_status":"closed","ping_status":"closed","template":"","meta":{"iawp_total_views":1808,"footnotes":""},"class_list":["post-161","page","type-page","status-publish","hentry"],"_links":{"self":[{"href":"https:\/\/dragomed.de\/en\/wp-json\/wp\/v2\/pages\/161","targetHints":{"allow":["GET"]}}],"collection":[{"href":"https:\/\/dragomed.de\/en\/wp-json\/wp\/v2\/pages"}],"about":[{"href":"https:\/\/dragomed.de\/en\/wp-json\/wp\/v2\/types\/page"}],"author":[{"embeddable":true,"href":"https:\/\/dragomed.de\/en\/wp-json\/wp\/v2\/users\/1"}],"replies":[{"embeddable":true,"href":"https:\/\/dragomed.de\/en\/wp-json\/wp\/v2\/comments?post=161"}],"version-history":[{"count":10,"href":"https:\/\/dragomed.de\/en\/wp-json\/wp\/v2\/pages\/161\/revisions"}],"predecessor-version":[{"id":1249,"href":"https:\/\/dragomed.de\/en\/wp-json\/wp\/v2\/pages\/161\/revisions\/1249"}],"wp:attachment":[{"href":"https:\/\/dragomed.de\/en\/wp-json\/wp\/v2\/media?parent=161"}],"curies":[{"name":"wp","href":"https:\/\/api.w.org\/{rel}","templated":true}]}}